{"id":42,"date":"2025-03-06T15:43:26","date_gmt":"2025-03-06T20:43:26","guid":{"rendered":"https:\/\/alibilounge.sltm.ca\/?page_id=42"},"modified":"2025-05-21T13:54:37","modified_gmt":"2025-05-21T17:54:37","slug":"terrasse","status":"publish","type":"page","link":"https:\/\/alibilounge.ca\/fr\/terrasse\/","title":{"rendered":"Terrasse"},"content":{"rendered":"\t\t<div data-elementor-type=\"wp-page\" data-elementor-id=\"42\" class=\"elementor elementor-42\" data-elementor-post-type=\"page\">\n\t\t\t\t<div class=\"elementor-element elementor-element-ca217ac e-flex e-con-boxed e-con e-parent\" data-id=\"ca217ac\" data-element_type=\"container\" data-e-type=\"container\">\n\t\t\t\t\t<div class=\"e-con-inner\">\n\t\t<div class=\"elementor-element elementor-element-19ea1b1 e-con-full e-flex e-con e-child\" data-id=\"19ea1b1\" data-element_type=\"container\" data-e-type=\"container\">\n\t\t\t\t<div class=\"elementor-element elementor-element-12e71f8 elementor-invisible elementor-widget elementor-widget-heading\" data-id=\"12e71f8\" data-element_type=\"widget\" data-e-type=\"widget\" data-settings=\"{&quot;_animation&quot;:&quot;fadeInDown&quot;}\" data-widget_type=\"heading.default\">\n\t\t\t\t<div class=\"elementor-widget-container\">\n\t\t\t\t\t<h1 class=\"elementor-heading-title elementor-size-default\">Terrasse<\/h1>\t\t\t\t<\/div>\n\t\t\t\t<\/div>\n\t\t\t\t<\/div>\n\t\t\t\t\t<\/div>\n\t\t\t\t<\/div>\n\t\t<div class=\"elementor-element elementor-element-4a12c05 e-flex e-con-boxed e-con e-parent\" data-id=\"4a12c05\" data-element_type=\"container\" data-e-type=\"container\" data-settings=\"{&quot;background_background&quot;:&quot;classic&quot;}\">\n\t\t\t\t\t<div class=\"e-con-inner\">\n\t\t\t\t\t<\/div>\n\t\t\t\t<\/div>\n\t\t<div class=\"elementor-element elementor-element-552d357 e-flex e-con-boxed e-con e-parent\" data-id=\"552d357\" data-element_type=\"container\" data-e-type=\"container\">\n\t\t\t\t\t<div class=\"e-con-inner\">\n\t\t<div class=\"elementor-element elementor-element-bd8b322 e-con-full e-flex e-con e-child\" data-id=\"bd8b322\" data-element_type=\"container\" data-e-type=\"container\">\n\t\t<div class=\"elementor-element elementor-element-3a2393a e-con-full e-flex e-con e-child\" data-id=\"3a2393a\" data-element_type=\"container\" data-e-type=\"container\" data-settings=\"{&quot;background_background&quot;:&quot;classic&quot;}\">\n\t\t\t\t<\/div>\n\t\t\t\t<\/div>\n\t\t<div class=\"elementor-element elementor-element-1b2afb3 e-con-full e-flex e-con e-child\" data-id=\"1b2afb3\" data-element_type=\"container\" data-e-type=\"container\">\n\t\t<div class=\"elementor-element elementor-element-a581d90 e-con-full e-flex e-con e-child\" data-id=\"a581d90\" data-element_type=\"container\" data-e-type=\"container\">\n\t\t\t\t<div class=\"elementor-element elementor-element-2e57ed2 elementor-widget elementor-widget-text-editor\" data-id=\"2e57ed2\" data-element_type=\"widget\" data-e-type=\"widget\" data-widget_type=\"text-editor.default\">\n\t\t\t\t<div class=\"elementor-widget-container\">\n\t\t\t\t\t\t\t\t\t<p class=\"\" data-start=\"59\" data-end=\"365\">Notre terrasse donnant sur la rue principale est un v\u00e9ritable petit bijou. Elle est chauff\u00e9e, climatis\u00e9e et \u00e9quip\u00e9e d\u2019un syst\u00e8me de brumisation. L\u2019ambiance y est parfaite pour observer les passants durant la journ\u00e9e, et le soir venu, elle se transforme en un espace romantique gr\u00e2ce \u00e0 nos jeux de lumi\u00e8res.<\/p>\t\t\t\t\t\t\t\t<\/div>\n\t\t\t\t<\/div>\n\t\t<div class=\"elementor-element elementor-element-08698f0 e-con-full e-flex e-con e-child\" data-id=\"08698f0\" data-element_type=\"container\" data-e-type=\"container\">\n\t\t\t\t<div class=\"elementor-element elementor-element-6e1be09 elementor-widget elementor-widget-button\" data-id=\"6e1be09\" data-element_type=\"widget\" data-e-type=\"widget\" data-widget_type=\"button.default\">\n\t\t\t\t<div class=\"elementor-widget-container\">\n\t\t\t\t\t\t\t\t\t<div class=\"elementor-button-wrapper\">\n\t\t\t\t\t<a class=\"elementor-button elementor-button-link elementor-size-sm\" href=\"https:\/\/alibilounge.ca\/fr\/reservation\/\">\n\t\t\t\t\t\t<span class=\"elementor-button-content-wrapper\">\n\t\t\t\t\t\t<span class=\"elementor-button-icon\">\n\t\t\t\t<svg xmlns=\"http:\/\/www.w3.org\/2000\/svg\" id=\"Calque_1\" viewBox=\"0 0 22.1 29.4\"><defs><style>      .st0 {        fill: none;      }    <\/style><\/defs><path d=\"M13.6,12.4C11.1,10,11.1,0,11.1,0c0,0,0,10.1-2.5,12.5C6.3,14.5,2.8,14.7,0,14.7c2.8,0,6.4.2,8.6,2.3,2.5,2.4,2.5,12.5,2.5,12.5,0,0,0-10.1,2.5-12.5,2.2-2.1,5.8-2.3,8.6-2.3-2.8,0-6.4-.2-8.6-2.3Z\"><\/path><line class=\"st0\" x1=\"51.8\" y1=\"14.7\" x2=\"51.1\" y2=\"14.7\"><\/line><line class=\"st0\" x1=\"28.9\" y1=\"14.7\" x2=\"28.4\" y2=\"14.7\"><\/line><\/svg>\t\t\t<\/span>\n\t\t\t\t\t\t\t\t\t<span class=\"elementor-button-text\">R\u00e9servation<\/span>\n\t\t\t\t\t<\/span>\n\t\t\t\t\t<\/a>\n\t\t\t\t<\/div>\n\t\t\t\t\t\t\t\t<\/div>\n\t\t\t\t<\/div>\n\t\t\t\t<div class=\"elementor-element elementor-element-2056595 elementor-widget elementor-widget-button\" data-id=\"2056595\" data-element_type=\"widget\" data-e-type=\"widget\" data-widget_type=\"button.default\">\n\t\t\t\t<div class=\"elementor-widget-container\">\n\t\t\t\t\t\t\t\t\t<div class=\"elementor-button-wrapper\">\n\t\t\t\t\t<a class=\"elementor-button elementor-button-link elementor-size-sm\" href=\"https:\/\/alibilounge.ca\/fr\/menus\/\">\n\t\t\t\t\t\t<span class=\"elementor-button-content-wrapper\">\n\t\t\t\t\t\t<span class=\"elementor-button-icon\">\n\t\t\t\t<svg xmlns=\"http:\/\/www.w3.org\/2000\/svg\" id=\"Calque_1\" viewBox=\"0 0 22.1 29.4\"><defs><style>      .st0 {        fill: none;      }    <\/style><\/defs><path d=\"M13.6,12.4C11.1,10,11.1,0,11.1,0c0,0,0,10.1-2.5,12.5C6.3,14.5,2.8,14.7,0,14.7c2.8,0,6.4.2,8.6,2.3,2.5,2.4,2.5,12.5,2.5,12.5,0,0,0-10.1,2.5-12.5,2.2-2.1,5.8-2.3,8.6-2.3-2.8,0-6.4-.2-8.6-2.3Z\"><\/path><line class=\"st0\" x1=\"51.8\" y1=\"14.7\" x2=\"51.1\" y2=\"14.7\"><\/line><line class=\"st0\" x1=\"28.9\" y1=\"14.7\" x2=\"28.4\" y2=\"14.7\"><\/line><\/svg>\t\t\t<\/span>\n\t\t\t\t\t\t\t\t\t<span class=\"elementor-button-text\">Menus<\/span>\n\t\t\t\t\t<\/span>\n\t\t\t\t\t<\/a>\n\t\t\t\t<\/div>\n\t\t\t\t\t\t\t\t<\/div>\n\t\t\t\t<\/div>\n\t\t\t\t<\/div>\n\t\t\t\t<\/div>\n\t\t<div class=\"elementor-element elementor-element-345da2a e-con-full e-flex e-con e-child\" data-id=\"345da2a\" data-element_type=\"container\" data-e-type=\"container\" data-settings=\"{&quot;background_background&quot;:&quot;classic&quot;}\">\n\t\t\t\t<\/div>\n\t\t\t\t<\/div>\n\t\t\t\t\t<\/div>\n\t\t\t\t<\/div>\n\t\t<div class=\"elementor-element elementor-element-42a91ef e-flex e-con-boxed e-con e-parent\" data-id=\"42a91ef\" data-element_type=\"container\" data-e-type=\"container\">\n\t\t\t\t\t<div class=\"e-con-inner\">\n\t\t\t\t<div class=\"elementor-element elementor-element-32d08d3 elementor-pagination-position-outside elementor-widget elementor-widget-image-carousel\" data-id=\"32d08d3\" data-element_type=\"widget\" data-e-type=\"widget\" data-settings=\"{&quot;slides_to_show&quot;:&quot;3&quot;,&quot;slides_to_scroll&quot;:&quot;1&quot;,&quot;navigation&quot;:&quot;dots&quot;,&quot;autoplay&quot;:&quot;yes&quot;,&quot;pause_on_hover&quot;:&quot;yes&quot;,&quot;pause_on_interaction&quot;:&quot;yes&quot;,&quot;autoplay_speed&quot;:5000,&quot;infinite&quot;:&quot;yes&quot;,&quot;speed&quot;:500,&quot;image_spacing_custom&quot;:{&quot;unit&quot;:&quot;px&quot;,&quot;size&quot;:20,&quot;sizes&quot;:[]},&quot;image_spacing_custom_widescreen&quot;:{&quot;unit&quot;:&quot;px&quot;,&quot;size&quot;:&quot;&quot;,&quot;sizes&quot;:[]},&quot;image_spacing_custom_laptop&quot;:{&quot;unit&quot;:&quot;px&quot;,&quot;size&quot;:&quot;&quot;,&quot;sizes&quot;:[]},&quot;image_spacing_custom_tablet_extra&quot;:{&quot;unit&quot;:&quot;px&quot;,&quot;size&quot;:&quot;&quot;,&quot;sizes&quot;:[]},&quot;image_spacing_custom_tablet&quot;:{&quot;unit&quot;:&quot;px&quot;,&quot;size&quot;:&quot;&quot;,&quot;sizes&quot;:[]},&quot;image_spacing_custom_mobile_extra&quot;:{&quot;unit&quot;:&quot;px&quot;,&quot;size&quot;:&quot;&quot;,&quot;sizes&quot;:[]},&quot;image_spacing_custom_mobile&quot;:{&quot;unit&quot;:&quot;px&quot;,&quot;size&quot;:&quot;&quot;,&quot;sizes&quot;:[]}}\" data-widget_type=\"image-carousel.default\">\n\t\t\t\t<div class=\"elementor-widget-container\">\n\t\t\t\t\t\t\t<div class=\"elementor-image-carousel-wrapper swiper\" role=\"region\" aria-roledescription=\"carousel\" aria-label=\"Carrousel d\u2019images\" dir=\"ltr\">\n\t\t\t<div class=\"elementor-image-carousel swiper-wrapper\" aria-live=\"off\">\n\t\t\t\t\t\t\t\t<div class=\"swiper-slide\" role=\"group\" aria-roledescription=\"slide\" aria-label=\"1 sur 16\"><figure class=\"swiper-slide-inner\"><img decoding=\"async\" class=\"swiper-slide-image\" src=\"https:\/\/alibilounge.ca\/wp-content\/uploads\/elementor\/thumbs\/Alibi-SolutionsM-JimmyVallerand-65-scaled-r357jz9s7hyz84bkb8jxtkc9l7tdjg1g4m8n20uli0.jpg\" alt=\"Alibi-SolutionsM-JimmyVallerand-65\" \/><\/figure><\/div><div class=\"swiper-slide\" role=\"group\" aria-roledescription=\"slide\" aria-label=\"2 sur 16\"><figure class=\"swiper-slide-inner\"><img decoding=\"async\" class=\"swiper-slide-image\" src=\"https:\/\/alibilounge.ca\/wp-content\/uploads\/elementor\/thumbs\/Alibi-SolutionsM-JimmyVallerand-19-scaled-r357o7jmynrfgy6dm2di1hwxtmyu6etypjxasukti0.jpg\" alt=\"Alibi-SolutionsM-JimmyVallerand-19\" \/><\/figure><\/div><div class=\"swiper-slide\" role=\"group\" aria-roledescription=\"slide\" aria-label=\"3 sur 16\"><figure class=\"swiper-slide-inner\"><img decoding=\"async\" class=\"swiper-slide-image\" src=\"https:\/\/alibilounge.ca\/wp-content\/uploads\/elementor\/thumbs\/Alibi-SolutionsM-JimmyVallerand-98-scaled-r357igr573wciqir5kzksy3j4va35010l4eh7z3fiw.jpg\" alt=\"Alibi-SolutionsM-JimmyVallerand-98\" \/><\/figure><\/div><div class=\"swiper-slide\" role=\"group\" aria-roledescription=\"slide\" aria-label=\"4 sur 16\"><figure class=\"swiper-slide-inner\"><img decoding=\"async\" class=\"swiper-slide-image\" src=\"https:\/\/alibilounge.ca\/wp-content\/uploads\/elementor\/thumbs\/DSC00459-r359mbcaotqbdycf8vasib1kt7fd9q59cjk0csmrfc.jpg\" alt=\"DSC00459\" \/><\/figure><\/div><div class=\"swiper-slide\" role=\"group\" aria-roledescription=\"slide\" aria-label=\"5 sur 16\"><figure class=\"swiper-slide-inner\"><img decoding=\"async\" class=\"swiper-slide-image\" src=\"https:\/\/alibilounge.ca\/wp-content\/uploads\/elementor\/thumbs\/Alibi-SolutionsM-JimmyVallerand-50-r357ntg24584msquwea3i3h0wuwbyy9znm50lp5q3c.jpg\" alt=\"Alibi-SolutionsM-JimmyVallerand-50\" \/><\/figure><\/div><div class=\"swiper-slide\" role=\"group\" aria-roledescription=\"slide\" aria-label=\"6 sur 16\"><figure class=\"swiper-slide-inner\"><img decoding=\"async\" class=\"swiper-slide-image\" src=\"https:\/\/alibilounge.ca\/wp-content\/uploads\/elementor\/thumbs\/Alibi-Lounge-Ete-2025-SolutionsM-145-r659ow3x1awcob9tdx62v7w5be9pg3mtikqndwv23c.jpg\" alt=\"Alibi Lounge-E\u0301te\u0301 2025-SolutionsM-145\" \/><\/figure><\/div><div class=\"swiper-slide\" role=\"group\" aria-roledescription=\"slide\" aria-label=\"7 sur 16\"><figure class=\"swiper-slide-inner\"><img decoding=\"async\" class=\"swiper-slide-image\" src=\"https:\/\/alibilounge.ca\/wp-content\/uploads\/elementor\/thumbs\/Alibi-Lounge-Ete-2025-SolutionsM-15-r659oi0c6sd1u5uao92obtg8em778n2ugmyd6rfyoo.jpg\" alt=\"Alibi Lounge-E\u0301te\u0301 2025-SolutionsM-15\" \/><\/figure><\/div><div class=\"swiper-slide\" role=\"group\" aria-roledescription=\"slide\" aria-label=\"8 sur 16\"><figure class=\"swiper-slide-inner\"><img decoding=\"async\" class=\"swiper-slide-image\" src=\"https:\/\/alibilounge.ca\/wp-content\/uploads\/elementor\/thumbs\/Alibi-Lounge-Ete-2025-SolutionsM-19-r659okturagwszq77sak1aqm6rtavqe1h0wtmlbs60.jpg\" alt=\"Alibi Lounge-E\u0301te\u0301 2025-SolutionsM-19\" \/><\/figure><\/div><div class=\"swiper-slide\" role=\"group\" aria-roledescription=\"slide\" aria-label=\"9 sur 16\"><figure class=\"swiper-slide-inner\"><img decoding=\"async\" class=\"swiper-slide-image\" src=\"https:\/\/alibilounge.ca\/wp-content\/uploads\/elementor\/thumbs\/Alibi-Lounge-Ete-2025-SolutionsM-52-r659oreq34px29gn5d4y0r2ucgwvdm45txh7zj20yg.jpg\" alt=\"Alibi Lounge-E\u0301te\u0301 2025-SolutionsM-52\" \/><\/figure><\/div><div class=\"swiper-slide\" role=\"group\" aria-roledescription=\"slide\" aria-label=\"10 sur 16\"><figure class=\"swiper-slide-inner\"><img decoding=\"async\" class=\"swiper-slide-image\" src=\"https:\/\/alibilounge.ca\/wp-content\/uploads\/elementor\/thumbs\/Alibi-Lounge-Ete-2025-SolutionsM-188-r659p3mmjz6n96yw60f3f5zu2h8n5ogo7lyj84jwpk.jpg\" alt=\"Alibi Lounge-E\u0301te\u0301 2025-SolutionsM-188\" \/><\/figure><\/div><div class=\"swiper-slide\" role=\"group\" aria-roledescription=\"slide\" aria-label=\"11 sur 16\"><figure class=\"swiper-slide-inner\"><img decoding=\"async\" class=\"swiper-slide-image\" src=\"https:\/\/alibilounge.ca\/wp-content\/uploads\/elementor\/thumbs\/Alibi-Lounge-Ete-2025-SolutionsM-40-r659ool7imm23fkqltx2b9sgkbarqisytjirjp67h4.jpg\" alt=\"Alibi Lounge-E\u0301te\u0301 2025-SolutionsM-40\" \/><\/figure><\/div><div class=\"swiper-slide\" role=\"group\" aria-roledescription=\"slide\" aria-label=\"12 sur 16\"><figure class=\"swiper-slide-inner\"><img decoding=\"async\" class=\"swiper-slide-image\" src=\"https:\/\/alibilounge.ca\/wp-content\/uploads\/elementor\/thumbs\/Alibi-Lounge-Ete-2025-SolutionsM-95-r659otaegsshphdwudy75qlrj8nlt0bmi6s6y2z8m0.jpg\" alt=\"Alibi Lounge-E\u0301te\u0301 2025-SolutionsM-95\" \/><\/figure><\/div><div class=\"swiper-slide\" role=\"group\" aria-roledescription=\"slide\" aria-label=\"13 sur 16\"><figure class=\"swiper-slide-inner\"><img decoding=\"async\" class=\"swiper-slide-image\" src=\"https:\/\/alibilounge.ca\/wp-content\/uploads\/elementor\/thumbs\/Alibi-Lounge-Ete-2025-SolutionsM-185-r659p0t3zh2sad2zmh77popgabmjil5h7802sao388.jpg\" alt=\"Alibi Lounge-E\u0301te\u0301 2025-SolutionsM-185\" \/><\/figure><\/div><div class=\"swiper-slide\" role=\"group\" aria-roledescription=\"slide\" aria-label=\"14 sur 16\"><figure class=\"swiper-slide-inner\"><img decoding=\"async\" class=\"swiper-slide-image\" src=\"https:\/\/alibilounge.ca\/wp-content\/uploads\/elementor\/thumbs\/Alibi-Lounge-Ete-2025-SolutionsM-317-r659p6g54hai80uspjmz4na7umuqsrrv7zwznyfq6w.jpg\" alt=\"Alibi Lounge-E\u0301te\u0301 2025-SolutionsM-317\" \/><\/figure><\/div><div class=\"swiper-slide\" role=\"group\" aria-roledescription=\"slide\" aria-label=\"15 sur 16\"><figure class=\"swiper-slide-inner\"><img decoding=\"async\" class=\"swiper-slide-image\" src=\"https:\/\/alibilounge.ca\/wp-content\/uploads\/elementor\/thumbs\/Alibi-Lounge-Ete-2025-SolutionsM-330-r659pa7hvtfnigpc3l9hemc286c7nk6skiixl2a5i0.jpg\" alt=\"Alibi Lounge-E\u0301te\u0301 2025-SolutionsM-330\" \/><\/figure><\/div><div class=\"swiper-slide\" role=\"group\" aria-roledescription=\"slide\" aria-label=\"16 sur 16\"><figure class=\"swiper-slide-inner\"><img decoding=\"async\" class=\"swiper-slide-image\" src=\"https:\/\/alibilounge.ca\/wp-content\/uploads\/elementor\/thumbs\/Alibi-Lounge-Ete-2025-SolutionsM-165-r659oyxflt07n55pxgdykp6j3jvt36y0iyp3tqqvko.jpg\" alt=\"Alibi Lounge-E\u0301te\u0301 2025-SolutionsM-165\" \/><\/figure><\/div>\t\t\t<\/div>\n\t\t\t\t\t\t\t\n\t\t\t\t\t\t\t\t\t<div class=\"swiper-pagination\"><\/div>\n\t\t\t\t\t\t\t\t\t<\/div>\n\t\t\t\t\t\t<\/div>\n\t\t\t\t<\/div>\n\t\t\t\t\t<\/div>\n\t\t\t\t<\/div>\n\t\t\t\t<\/div>\n\t\t","protected":false},"excerpt":{"rendered":"<p>Terrasse Notre terrasse donnant sur la rue principale est un v\u00e9ritable petit bijou. Elle est chauff\u00e9e, climatis\u00e9e et \u00e9quip\u00e9e d\u2019un syst\u00e8me de brumisation. L\u2019ambiance y est parfaite pour observer les passants durant la journ\u00e9e, et le soir venu, elle se transforme en un espace romantique gr\u00e2ce \u00e0 nos jeux de lumi\u00e8res. R\u00e9servation Menus<\/p>\n","protected":false},"author":1,"featured_media":0,"parent":0,"menu_order":0,"comment_status":"closed","ping_status":"closed","template":"elementor_header_footer","meta":{"footnotes":""},"class_list":["post-42","page","type-page","status-publish","hentry"],"_links":{"self":[{"href":"https:\/\/alibilounge.ca\/fr\/wp-json\/wp\/v2\/pages\/42","targetHints":{"allow":["GET"]}}],"collection":[{"href":"https:\/\/alibilounge.ca\/fr\/wp-json\/wp\/v2\/pages"}],"about":[{"href":"https:\/\/alibilounge.ca\/fr\/wp-json\/wp\/v2\/types\/page"}],"author":[{"embeddable":true,"href":"https:\/\/alibilounge.ca\/fr\/wp-json\/wp\/v2\/users\/1"}],"replies":[{"embeddable":true,"href":"https:\/\/alibilounge.ca\/fr\/wp-json\/wp\/v2\/comments?post=42"}],"version-history":[{"count":59,"href":"https:\/\/alibilounge.ca\/fr\/wp-json\/wp\/v2\/pages\/42\/revisions"}],"predecessor-version":[{"id":1715,"href":"https:\/\/alibilounge.ca\/fr\/wp-json\/wp\/v2\/pages\/42\/revisions\/1715"}],"wp:attachment":[{"href":"https:\/\/alibilounge.ca\/fr\/wp-json\/wp\/v2\/media?parent=42"}],"curies":[{"name":"wp","href":"https:\/\/api.w.org\/{rel}","templated":true}]}}