{"id":40,"date":"2025-03-06T15:43:13","date_gmt":"2025-03-06T20:43:13","guid":{"rendered":"https:\/\/alibilounge.sltm.ca\/?page_id=40"},"modified":"2025-11-11T09:21:28","modified_gmt":"2025-11-11T14:21:28","slug":"menus","status":"publish","type":"page","link":"https:\/\/alibilounge.ca\/fr\/menus\/","title":{"rendered":"Menus"},"content":{"rendered":"\t\t<div data-elementor-type=\"wp-page\" data-elementor-id=\"40\" class=\"elementor elementor-40\" data-elementor-post-type=\"page\">\n\t\t\t\t<div class=\"elementor-element elementor-element-a19f2cb e-flex e-con-boxed e-con e-parent\" data-id=\"a19f2cb\" data-element_type=\"container\" data-e-type=\"container\">\n\t\t\t\t\t<div class=\"e-con-inner\">\n\t\t<div class=\"elementor-element elementor-element-e629063 e-con-full e-flex e-con e-child\" data-id=\"e629063\" data-element_type=\"container\" data-e-type=\"container\">\n\t\t\t\t<div class=\"elementor-element elementor-element-6545dc4 elementor-invisible elementor-widget elementor-widget-heading\" data-id=\"6545dc4\" data-element_type=\"widget\" data-e-type=\"widget\" data-settings=\"{&quot;_animation&quot;:&quot;fadeInDown&quot;}\" data-widget_type=\"heading.default\">\n\t\t\t\t<div class=\"elementor-widget-container\">\n\t\t\t\t\t<h1 class=\"elementor-heading-title elementor-size-default\">Menus<\/h1>\t\t\t\t<\/div>\n\t\t\t\t<\/div>\n\t\t\t\t<\/div>\n\t\t\t\t\t<\/div>\n\t\t\t\t<\/div>\n\t\t<div class=\"elementor-element elementor-element-d38eb69 e-flex e-con-boxed e-con e-parent\" data-id=\"d38eb69\" data-element_type=\"container\" data-e-type=\"container\" data-settings=\"{&quot;background_background&quot;:&quot;classic&quot;}\">\n\t\t\t\t\t<div class=\"e-con-inner\">\n\t\t\t\t\t<\/div>\n\t\t\t\t<\/div>\n\t\t<div class=\"elementor-element elementor-element-95212c6 e-grid e-con-boxed e-con e-parent\" data-id=\"95212c6\" data-element_type=\"container\" data-e-type=\"container\">\n\t\t\t\t\t<div class=\"e-con-inner\">\n\t\t<a class=\"elementor-element elementor-element-fe6a1dc e-con-full e-flex e-con e-child\" data-id=\"fe6a1dc\" data-element_type=\"container\" data-e-type=\"container\" href=\"https:\/\/alibilounge.ca\/wp-content\/uploads\/2025\/05\/menu-signature-cocktails.pdf\" target=\"_blank\">\n\t\t\t\t<div class=\"elementor-element elementor-element-25c8fc9 elementor-widget elementor-widget-image\" data-id=\"25c8fc9\" data-element_type=\"widget\" data-e-type=\"widget\" data-widget_type=\"image.default\">\n\t\t\t\t<div class=\"elementor-widget-container\">\n\t\t\t\t\t\t\t\t\t\t\t\t\t\t\t<img decoding=\"async\" width=\"150\" height=\"150\" src=\"https:\/\/alibilounge.ca\/wp-content\/uploads\/2025\/04\/cocktails-signature.jpg\" class=\"attachment-full size-full wp-image-1065\" alt=\"\" \/>\t\t\t\t\t\t\t\t\t\t\t\t\t\t\t<\/div>\n\t\t\t\t<\/div>\n\t\t\t\t<div class=\"elementor-element elementor-element-14f3fb9 elementor-widget__width-inherit elementor-widget-mobile__width-initial elementor-widget elementor-widget-heading\" data-id=\"14f3fb9\" data-element_type=\"widget\" data-e-type=\"widget\" data-widget_type=\"heading.default\">\n\t\t\t\t<div class=\"elementor-widget-container\">\n\t\t\t\t\t<h4 class=\"elementor-heading-title elementor-size-default\">Cocktails <br> Signature<\/h4>\t\t\t\t<\/div>\n\t\t\t\t<\/div>\n\t\t\t\t<\/a>\n\t\t<a class=\"elementor-element elementor-element-f803099 e-con-full e-flex e-con e-child\" data-id=\"f803099\" data-element_type=\"container\" data-e-type=\"container\" href=\"https:\/\/alibilounge.ca\/wp-content\/uploads\/2025\/05\/menu-bieres-2.pdf\" target=\"_blank\">\n\t\t\t\t<div class=\"elementor-element elementor-element-8f2d56c elementor-widget elementor-widget-image\" data-id=\"8f2d56c\" data-element_type=\"widget\" data-e-type=\"widget\" data-widget_type=\"image.default\">\n\t\t\t\t<div class=\"elementor-widget-container\">\n\t\t\t\t\t\t\t\t\t\t\t\t\t\t\t<img decoding=\"async\" width=\"150\" height=\"150\" src=\"https:\/\/alibilounge.ca\/wp-content\/uploads\/2025\/04\/bieres.jpg\" class=\"attachment-full size-full wp-image-1175\" alt=\"\" \/>\t\t\t\t\t\t\t\t\t\t\t\t\t\t\t<\/div>\n\t\t\t\t<\/div>\n\t\t\t\t<div class=\"elementor-element elementor-element-0fbff2f elementor-widget__width-inherit elementor-widget-mobile__width-initial elementor-widget elementor-widget-heading\" data-id=\"0fbff2f\" data-element_type=\"widget\" data-e-type=\"widget\" data-widget_type=\"heading.default\">\n\t\t\t\t<div class=\"elementor-widget-container\">\n\t\t\t\t\t<h4 class=\"elementor-heading-title elementor-size-default\">Bi\u00e8res<\/h4>\t\t\t\t<\/div>\n\t\t\t\t<\/div>\n\t\t\t\t<\/a>\n\t\t<a class=\"elementor-element elementor-element-5fb601b e-con-full e-flex e-con e-child\" data-id=\"5fb601b\" data-element_type=\"container\" data-e-type=\"container\" href=\"https:\/\/alibilounge.ca\/wp-content\/uploads\/2025\/05\/menu-vins-2.pdf\" target=\"_blank\">\n\t\t\t\t<div class=\"elementor-element elementor-element-81afbfa elementor-widget elementor-widget-image\" data-id=\"81afbfa\" data-element_type=\"widget\" data-e-type=\"widget\" data-widget_type=\"image.default\">\n\t\t\t\t<div class=\"elementor-widget-container\">\n\t\t\t\t\t\t\t\t\t\t\t\t\t\t\t<img decoding=\"async\" width=\"150\" height=\"150\" src=\"https:\/\/alibilounge.ca\/wp-content\/uploads\/2025\/04\/vins.jpg\" class=\"attachment-full size-full wp-image-1066\" alt=\"\" \/>\t\t\t\t\t\t\t\t\t\t\t\t\t\t\t<\/div>\n\t\t\t\t<\/div>\n\t\t\t\t<div class=\"elementor-element elementor-element-1295eb9 elementor-widget__width-inherit elementor-widget-mobile__width-initial elementor-widget elementor-widget-heading\" data-id=\"1295eb9\" data-element_type=\"widget\" data-e-type=\"widget\" data-widget_type=\"heading.default\">\n\t\t\t\t<div class=\"elementor-widget-container\">\n\t\t\t\t\t<h4 class=\"elementor-heading-title elementor-size-default\">Vins<\/h4>\t\t\t\t<\/div>\n\t\t\t\t<\/div>\n\t\t\t\t<\/a>\n\t\t<a class=\"elementor-element elementor-element-af6ad67 e-con-full e-flex e-con e-child\" data-id=\"af6ad67\" data-element_type=\"container\" data-e-type=\"container\" href=\"https:\/\/alibilounge.ca\/wp-content\/uploads\/2025\/05\/menu-spiritueux.pdf\" target=\"_blank\">\n\t\t\t\t<div class=\"elementor-element elementor-element-4325c5f elementor-widget elementor-widget-image\" data-id=\"4325c5f\" data-element_type=\"widget\" data-e-type=\"widget\" data-widget_type=\"image.default\">\n\t\t\t\t<div class=\"elementor-widget-container\">\n\t\t\t\t\t\t\t\t\t\t\t\t\t\t\t<img loading=\"lazy\" decoding=\"async\" width=\"150\" height=\"150\" src=\"https:\/\/alibilounge.ca\/wp-content\/uploads\/2025\/04\/spiritueux.jpg\" class=\"attachment-full size-full wp-image-1067\" alt=\"\" \/>\t\t\t\t\t\t\t\t\t\t\t\t\t\t\t<\/div>\n\t\t\t\t<\/div>\n\t\t\t\t<div class=\"elementor-element elementor-element-aed15c8 elementor-widget__width-inherit elementor-widget-mobile__width-initial elementor-widget elementor-widget-heading\" data-id=\"aed15c8\" data-element_type=\"widget\" data-e-type=\"widget\" data-widget_type=\"heading.default\">\n\t\t\t\t<div class=\"elementor-widget-container\">\n\t\t\t\t\t<h4 class=\"elementor-heading-title elementor-size-default\">Spiritueux<\/h4>\t\t\t\t<\/div>\n\t\t\t\t<\/div>\n\t\t\t\t<\/a>\n\t\t<a class=\"elementor-element elementor-element-23259d5 e-con-full e-flex e-con e-child\" data-id=\"23259d5\" data-element_type=\"container\" data-e-type=\"container\" href=\"https:\/\/alibilounge.ca\/wp-content\/uploads\/2025\/05\/menu-mocktails.pdf\" target=\"_blank\">\n\t\t\t\t<div class=\"elementor-element elementor-element-4bcc589 elementor-widget elementor-widget-image\" data-id=\"4bcc589\" data-element_type=\"widget\" data-e-type=\"widget\" data-widget_type=\"image.default\">\n\t\t\t\t<div class=\"elementor-widget-container\">\n\t\t\t\t\t\t\t\t\t\t\t\t\t\t\t<img loading=\"lazy\" decoding=\"async\" width=\"150\" height=\"150\" src=\"https:\/\/alibilounge.ca\/wp-content\/uploads\/2025\/04\/mocktails.jpg\" class=\"attachment-full size-full wp-image-1068\" alt=\"\" \/>\t\t\t\t\t\t\t\t\t\t\t\t\t\t\t<\/div>\n\t\t\t\t<\/div>\n\t\t\t\t<div class=\"elementor-element elementor-element-c139d35 elementor-widget__width-inherit elementor-widget-mobile__width-initial elementor-widget elementor-widget-heading\" data-id=\"c139d35\" data-element_type=\"widget\" data-e-type=\"widget\" data-widget_type=\"heading.default\">\n\t\t\t\t<div class=\"elementor-widget-container\">\n\t\t\t\t\t<h4 class=\"elementor-heading-title elementor-size-default\">Mocktails<\/h4>\t\t\t\t<\/div>\n\t\t\t\t<\/div>\n\t\t\t\t<\/a>\n\t\t<a class=\"elementor-element elementor-element-b3eb8be e-con-full e-flex e-con e-child\" data-id=\"b3eb8be\" data-element_type=\"container\" data-e-type=\"container\" href=\"https:\/\/alibilounge.ca\/wp-content\/uploads\/2025\/08\/Alibi-Fall-menu-FR-2025.pdf\" target=\"_blank\">\n\t\t\t\t<div class=\"elementor-element elementor-element-bbf3ef0 elementor-widget elementor-widget-image\" data-id=\"bbf3ef0\" data-element_type=\"widget\" data-e-type=\"widget\" data-widget_type=\"image.default\">\n\t\t\t\t<div class=\"elementor-widget-container\">\n\t\t\t\t\t\t\t\t\t\t\t\t\t\t\t<img loading=\"lazy\" decoding=\"async\" width=\"150\" height=\"150\" src=\"https:\/\/alibilounge.ca\/wp-content\/uploads\/2025\/04\/bouchees.jpg\" class=\"attachment-full size-full wp-image-1069\" alt=\"\" \/>\t\t\t\t\t\t\t\t\t\t\t\t\t\t\t<\/div>\n\t\t\t\t<\/div>\n\t\t\t\t<div class=\"elementor-element elementor-element-7c1f0ae elementor-widget__width-inherit elementor-widget-mobile__width-initial elementor-widget elementor-widget-heading\" data-id=\"7c1f0ae\" data-element_type=\"widget\" data-e-type=\"widget\" data-widget_type=\"heading.default\">\n\t\t\t\t<div class=\"elementor-widget-container\">\n\t\t\t\t\t<h4 class=\"elementor-heading-title elementor-size-default\">Bouch\u00e9es<\/h4>\t\t\t\t<\/div>\n\t\t\t\t<\/div>\n\t\t\t\t<\/a>\n\t\t\t\t\t<\/div>\n\t\t\t\t<\/div>\n\t\t<div class=\"elementor-element elementor-element-9c49796 e-flex e-con-boxed e-con e-parent\" data-id=\"9c49796\" data-element_type=\"container\" data-e-type=\"container\">\n\t\t\t\t\t<div class=\"e-con-inner\">\n\t\t<div class=\"elementor-element elementor-element-48c2ae5 e-con-full e-flex e-con e-child\" data-id=\"48c2ae5\" data-element_type=\"container\" data-e-type=\"container\">\n\t\t<div class=\"elementor-element elementor-element-31338fc e-con-full e-flex e-con e-child\" data-id=\"31338fc\" data-element_type=\"container\" data-e-type=\"container\" data-settings=\"{&quot;background_background&quot;:&quot;classic&quot;}\">\n\t\t\t\t<\/div>\n\t\t<div class=\"elementor-element elementor-element-b639187 e-con-full e-flex e-con e-child\" data-id=\"b639187\" data-element_type=\"container\" data-e-type=\"container\">\n\t\t\t\t<div class=\"elementor-element elementor-element-9b614f6 elementor-widget elementor-widget-heading\" data-id=\"9b614f6\" data-element_type=\"widget\" data-e-type=\"widget\" data-widget_type=\"heading.default\">\n\t\t\t\t<div class=\"elementor-widget-container\">\n\t\t\t\t\t<h4 class=\"elementor-heading-title elementor-size-default\">Nos Bouch\u00e9es<\/h4>\t\t\t\t<\/div>\n\t\t\t\t<\/div>\n\t\t\t\t<div class=\"elementor-element elementor-element-bc02b12 elementor-widget elementor-widget-text-editor\" data-id=\"bc02b12\" data-element_type=\"widget\" data-e-type=\"widget\" data-widget_type=\"text-editor.default\">\n\t\t\t\t<div class=\"elementor-widget-container\">\n\t\t\t\t\t\t\t\t\t<p>Pour sublimer nos cocktails d\u2019exception, nous vous offrons un menu de bouch\u00e9es raffin\u00e9es, soigneusement con\u00e7ues pour enrichir votre exp\u00e9rience gustative. Une petite faim ?<\/p>\t\t\t\t\t\t\t\t<\/div>\n\t\t\t\t<\/div>\n\t\t<div class=\"elementor-element elementor-element-531a66e e-con-full e-flex e-con e-child\" data-id=\"531a66e\" data-element_type=\"container\" data-e-type=\"container\">\n\t\t\t\t<div class=\"elementor-element elementor-element-362e03b elementor-widget elementor-widget-button\" data-id=\"362e03b\" data-element_type=\"widget\" data-e-type=\"widget\" data-widget_type=\"button.default\">\n\t\t\t\t<div class=\"elementor-widget-container\">\n\t\t\t\t\t\t\t\t\t<div class=\"elementor-button-wrapper\">\n\t\t\t\t\t<a class=\"elementor-button elementor-button-link elementor-size-sm\" href=\"https:\/\/alibilounge.ca\/wp-content\/uploads\/2025\/05\/MK-Menu-Printemps-2025-FR.pdf\" target=\"_blank\">\n\t\t\t\t\t\t<span class=\"elementor-button-content-wrapper\">\n\t\t\t\t\t\t<span class=\"elementor-button-icon\">\n\t\t\t\t<svg xmlns=\"http:\/\/www.w3.org\/2000\/svg\" id=\"Calque_1\" viewBox=\"0 0 22.1 29.4\"><defs><style>      .st0 {        fill: none;      }    <\/style><\/defs><path d=\"M13.6,12.4C11.1,10,11.1,0,11.1,0c0,0,0,10.1-2.5,12.5C6.3,14.5,2.8,14.7,0,14.7c2.8,0,6.4.2,8.6,2.3,2.5,2.4,2.5,12.5,2.5,12.5,0,0,0-10.1,2.5-12.5,2.2-2.1,5.8-2.3,8.6-2.3-2.8,0-6.4-.2-8.6-2.3Z\"><\/path><line class=\"st0\" x1=\"51.8\" y1=\"14.7\" x2=\"51.1\" y2=\"14.7\"><\/line><line class=\"st0\" x1=\"28.9\" y1=\"14.7\" x2=\"28.4\" y2=\"14.7\"><\/line><\/svg>\t\t\t<\/span>\n\t\t\t\t\t\t\t\t\t<span class=\"elementor-button-text\">Menu complet<\/span>\n\t\t\t\t\t<\/span>\n\t\t\t\t\t<\/a>\n\t\t\t\t<\/div>\n\t\t\t\t\t\t\t\t<\/div>\n\t\t\t\t<\/div>\n\t\t\t\t<\/div>\n\t\t\t\t<\/div>\n\t\t\t\t<\/div>\n\t\t<div class=\"elementor-element elementor-element-ff9b4b0 e-con-full e-flex e-con e-child\" data-id=\"ff9b4b0\" data-element_type=\"container\" data-e-type=\"container\">\n\t\t<div class=\"elementor-element elementor-element-4a69050 e-con-full e-flex e-con e-child\" data-id=\"4a69050\" data-element_type=\"container\" data-e-type=\"container\">\n\t\t\t\t<div class=\"elementor-element elementor-element-c83c8ac elementor-widget elementor-widget-heading\" data-id=\"c83c8ac\" data-element_type=\"widget\" data-e-type=\"widget\" data-widget_type=\"heading.default\">\n\t\t\t\t<div class=\"elementor-widget-container\">\n\t\t\t\t\t<h4 class=\"elementor-heading-title elementor-size-default\">Nos Breuvages<\/h4>\t\t\t\t<\/div>\n\t\t\t\t<\/div>\n\t\t\t\t<div class=\"elementor-element elementor-element-2d44ff3 elementor-widget elementor-widget-text-editor\" data-id=\"2d44ff3\" data-element_type=\"widget\" data-e-type=\"widget\" data-widget_type=\"text-editor.default\">\n\t\t\t\t<div class=\"elementor-widget-container\">\n\t\t\t\t\t\t\t\t\t<p><span class=\"relative -mx-px my-[-0.2rem] rounded px-px py-[0.2rem] transition-colors duration-100 ease-in-out\">Chez Alibi, chaque cocktail est une \u0153uvre d\u2019art soigneusement con\u00e7ue pour \u00e9veiller vos sens.<\/span> <span class=\"relative -mx-px my-[-0.2rem] rounded px-px py-[0.2rem] transition-colors duration-100 ease-in-out\">Des cr\u00e9ations signature t\u00e9moignent de l&rsquo;expertise en mixologie du fondateur, Alex.<\/span><\/p><p><span class=\"relative -mx-px my-[-0.2rem] rounded px-px py-[0.2rem] transition-colors duration-100 ease-in-out\">Laissez-vous s\u00e9duire par des m\u00e9langes audacieux o\u00f9 chaque gorg\u00e9e raconte une histoire unique.<\/span> <span class=\"relative -mx-px my-[-0.2rem] rounded px-px py-[0.2rem] transition-colors duration-100 ease-in-out\">M\u00eame les mocktails offrent une exp\u00e9rience gustative exceptionnelle, sans alcool.<\/span><\/p>\t\t\t\t\t\t\t\t<\/div>\n\t\t\t\t<\/div>\n\t\t<div class=\"elementor-element elementor-element-50e5326 e-con-full e-flex e-con e-child\" data-id=\"50e5326\" data-element_type=\"container\" data-e-type=\"container\">\n\t\t\t\t<div class=\"elementor-element elementor-element-5cf267d elementor-widget elementor-widget-button\" data-id=\"5cf267d\" data-element_type=\"widget\" data-e-type=\"widget\" data-widget_type=\"button.default\">\n\t\t\t\t<div class=\"elementor-widget-container\">\n\t\t\t\t\t\t\t\t\t<div class=\"elementor-button-wrapper\">\n\t\t\t\t\t<a class=\"elementor-button elementor-button-link elementor-size-sm\" href=\"https:\/\/alibilounge.ca\/wp-content\/uploads\/2025\/04\/Alibi-Menu-Boisson-2024-FR.pdf\" target=\"_blank\">\n\t\t\t\t\t\t<span class=\"elementor-button-content-wrapper\">\n\t\t\t\t\t\t<span class=\"elementor-button-icon\">\n\t\t\t\t<svg xmlns=\"http:\/\/www.w3.org\/2000\/svg\" id=\"Calque_1\" viewBox=\"0 0 22.1 29.4\"><defs><style>      .st0 {        fill: none;      }    <\/style><\/defs><path d=\"M13.6,12.4C11.1,10,11.1,0,11.1,0c0,0,0,10.1-2.5,12.5C6.3,14.5,2.8,14.7,0,14.7c2.8,0,6.4.2,8.6,2.3,2.5,2.4,2.5,12.5,2.5,12.5,0,0,0-10.1,2.5-12.5,2.2-2.1,5.8-2.3,8.6-2.3-2.8,0-6.4-.2-8.6-2.3Z\"><\/path><line class=\"st0\" x1=\"51.8\" y1=\"14.7\" x2=\"51.1\" y2=\"14.7\"><\/line><line class=\"st0\" x1=\"28.9\" y1=\"14.7\" x2=\"28.4\" y2=\"14.7\"><\/line><\/svg>\t\t\t<\/span>\n\t\t\t\t\t\t\t\t\t<span class=\"elementor-button-text\">Menu complet<\/span>\n\t\t\t\t\t<\/span>\n\t\t\t\t\t<\/a>\n\t\t\t\t<\/div>\n\t\t\t\t\t\t\t\t<\/div>\n\t\t\t\t<\/div>\n\t\t\t\t<\/div>\n\t\t\t\t<\/div>\n\t\t<div class=\"elementor-element elementor-element-ebf8d69 e-con-full e-flex e-con e-child\" data-id=\"ebf8d69\" data-element_type=\"container\" data-e-type=\"container\">\n\t\t<div class=\"elementor-element elementor-element-e5a6294 e-con-full e-flex e-con e-child\" data-id=\"e5a6294\" data-element_type=\"container\" data-e-type=\"container\">\n\t\t\t\t<div class=\"elementor-element elementor-element-2ad94f2 elementor-widget elementor-widget-heading\" data-id=\"2ad94f2\" data-element_type=\"widget\" data-e-type=\"widget\" data-widget_type=\"heading.default\">\n\t\t\t\t<div class=\"elementor-widget-container\">\n\t\t\t\t\t<h5 class=\"elementor-heading-title elementor-size-default\">Mercredi Whiskey<\/h5>\t\t\t\t<\/div>\n\t\t\t\t<\/div>\n\t\t\t\t<div class=\"elementor-element elementor-element-56c9b92 elementor-widget elementor-widget-text-editor\" data-id=\"56c9b92\" data-element_type=\"widget\" data-e-type=\"widget\" data-widget_type=\"text-editor.default\">\n\t\t\t\t<div class=\"elementor-widget-container\">\n\t\t\t\t\t\t\t\t\t<p>Mercredi rime avec whisky au Alibi Lounge!<br \/>Profitez de\u00a0<strong>20% de rabais sur tous nos whiskys<\/strong>\u00a0et d\u00e9couvrez (ou red\u00e9couvrez) vos classiques pr\u00e9f\u00e9r\u00e9s.<\/p><p>Ambiance feutr\u00e9e, verres bien remplis, et le plaisir de savourer votre soir\u00e9e en bonne compagnie.<\/p>\t\t\t\t\t\t\t\t<\/div>\n\t\t\t\t<\/div>\n\t\t\t\t<\/div>\n\t\t\t\t<div class=\"elementor-element elementor-element-fc4dd63 elementor-widget elementor-widget-image\" data-id=\"fc4dd63\" data-element_type=\"widget\" data-e-type=\"widget\" data-widget_type=\"image.default\">\n\t\t\t\t<div class=\"elementor-widget-container\">\n\t\t\t\t\t\t\t\t\t\t\t\t\t\t\t<img decoding=\"async\" src=\"https:\/\/alibilounge.ca\/wp-content\/uploads\/elementor\/thumbs\/whiskey-wednesday2-scaled-rejvy5m5sj37nttz3k05pbmuoqh8tejco8jok4guqo.jpg\" title=\"whiskey-wednesday2\" alt=\"whiskey-wednesday2\" loading=\"lazy\" \/>\t\t\t\t\t\t\t\t\t\t\t\t\t\t\t<\/div>\n\t\t\t\t<\/div>\n\t\t\t\t<\/div>\n\t\t<div class=\"elementor-element elementor-element-2bdeb13 e-con-full e-flex e-con e-child\" data-id=\"2bdeb13\" data-element_type=\"container\" data-e-type=\"container\" data-settings=\"{&quot;background_background&quot;:&quot;classic&quot;}\">\n\t\t\t\t<\/div>\n\t\t\t\t<\/div>\n\t\t\t\t\t<\/div>\n\t\t\t\t<\/div>\n\t\t<div class=\"elementor-element elementor-element-105d759 e-flex e-con-boxed e-con e-parent\" data-id=\"105d759\" data-element_type=\"container\" data-e-type=\"container\">\n\t\t\t\t\t<div class=\"e-con-inner\">\n\t\t\t\t<div class=\"elementor-element elementor-element-b911226 elementor-pagination-position-outside elementor-widget elementor-widget-image-carousel\" data-id=\"b911226\" data-element_type=\"widget\" data-e-type=\"widget\" data-settings=\"{&quot;slides_to_show&quot;:&quot;3&quot;,&quot;slides_to_scroll&quot;:&quot;1&quot;,&quot;navigation&quot;:&quot;dots&quot;,&quot;autoplay&quot;:&quot;yes&quot;,&quot;pause_on_hover&quot;:&quot;yes&quot;,&quot;pause_on_interaction&quot;:&quot;yes&quot;,&quot;autoplay_speed&quot;:5000,&quot;infinite&quot;:&quot;yes&quot;,&quot;speed&quot;:500,&quot;image_spacing_custom&quot;:{&quot;unit&quot;:&quot;px&quot;,&quot;size&quot;:20,&quot;sizes&quot;:[]},&quot;image_spacing_custom_widescreen&quot;:{&quot;unit&quot;:&quot;px&quot;,&quot;size&quot;:&quot;&quot;,&quot;sizes&quot;:[]},&quot;image_spacing_custom_laptop&quot;:{&quot;unit&quot;:&quot;px&quot;,&quot;size&quot;:&quot;&quot;,&quot;sizes&quot;:[]},&quot;image_spacing_custom_tablet_extra&quot;:{&quot;unit&quot;:&quot;px&quot;,&quot;size&quot;:&quot;&quot;,&quot;sizes&quot;:[]},&quot;image_spacing_custom_tablet&quot;:{&quot;unit&quot;:&quot;px&quot;,&quot;size&quot;:&quot;&quot;,&quot;sizes&quot;:[]},&quot;image_spacing_custom_mobile_extra&quot;:{&quot;unit&quot;:&quot;px&quot;,&quot;size&quot;:&quot;&quot;,&quot;sizes&quot;:[]},&quot;image_spacing_custom_mobile&quot;:{&quot;unit&quot;:&quot;px&quot;,&quot;size&quot;:&quot;&quot;,&quot;sizes&quot;:[]}}\" data-widget_type=\"image-carousel.default\">\n\t\t\t\t<div class=\"elementor-widget-container\">\n\t\t\t\t\t\t\t<div class=\"elementor-image-carousel-wrapper swiper\" role=\"region\" aria-roledescription=\"carousel\" aria-label=\"Carrousel d\u2019images\" dir=\"ltr\">\n\t\t\t<div class=\"elementor-image-carousel swiper-wrapper\" aria-live=\"off\">\n\t\t\t\t\t\t\t\t<div class=\"swiper-slide\" role=\"group\" aria-roledescription=\"slide\" aria-label=\"1 sur 9\"><figure class=\"swiper-slide-inner\"><img decoding=\"async\" class=\"swiper-slide-image\" src=\"https:\/\/alibilounge.ca\/wp-content\/uploads\/elementor\/thumbs\/Alibi-Lounge-Ete-2025-SolutionsM-191-r65a9tyhafkbbkut3z0vexntqf22xcrjq7y29ttbh4.jpg\" alt=\"Alibi Lounge-E\u0301te\u0301 2025-SolutionsM-191\" \/><\/figure><\/div><div class=\"swiper-slide\" role=\"group\" aria-roledescription=\"slide\" aria-label=\"2 sur 9\"><figure class=\"swiper-slide-inner\"><img decoding=\"async\" class=\"swiper-slide-image\" src=\"https:\/\/alibilounge.ca\/wp-content\/uploads\/elementor\/thumbs\/Alibi-Lounge-Ete-2025-SolutionsM-241-r65aa3cv6rx6joh5l3353vafo9rr2bsv3igx2lfdqw.jpg\" alt=\"Alibi Lounge-E\u0301te\u0301 2025-SolutionsM-241\" \/><\/figure><\/div><div class=\"swiper-slide\" role=\"group\" aria-roledescription=\"slide\" aria-label=\"3 sur 9\"><figure class=\"swiper-slide-inner\"><img decoding=\"async\" class=\"swiper-slide-image\" src=\"https:\/\/alibilounge.ca\/wp-content\/uploads\/elementor\/thumbs\/Alibi-Lounge-Ete-2025-SolutionsM-214-r65a9vu5o3mvyss2szu4jx6qx6stcqz0eh918dqj4o.jpg\" alt=\"Alibi Lounge-E\u0301te\u0301 2025-SolutionsM-214\" \/><\/figure><\/div><div class=\"swiper-slide\" role=\"group\" aria-roledescription=\"slide\" aria-label=\"4 sur 9\"><figure class=\"swiper-slide-inner\"><img decoding=\"async\" class=\"swiper-slide-image\" src=\"https:\/\/alibilounge.ca\/wp-content\/uploads\/elementor\/thumbs\/1S3A2253-r65aa8zwbs4whc8yo5iwitv78kzycif94adty970pk.jpg\" alt=\"1S3A2253\" \/><\/figure><\/div><div class=\"swiper-slide\" role=\"group\" aria-roledescription=\"slide\" aria-label=\"5 sur 9\"><figure class=\"swiper-slide-inner\"><img decoding=\"async\" class=\"swiper-slide-image\" src=\"https:\/\/alibilounge.ca\/wp-content\/uploads\/elementor\/thumbs\/Alibi-Lounge-Ete-2025-SolutionsM-226-r65a9xpu1rpgm0pci0ndowpo3yjjs56h2qk06xnqs8.jpg\" alt=\"Alibi Lounge-E\u0301te\u0301 2025-SolutionsM-226\" \/><\/figure><\/div><div class=\"swiper-slide\" role=\"group\" aria-roledescription=\"slide\" aria-label=\"6 sur 9\"><figure class=\"swiper-slide-inner\"><img decoding=\"async\" class=\"swiper-slide-image\" src=\"https:\/\/alibilounge.ca\/wp-content\/uploads\/elementor\/thumbs\/Alibi-Lounge-Ete-2025-SolutionsM-375-r65aa66dra11iid24mb0tcktgfdupf423wfdifb788.jpg\" alt=\"Alibi Lounge-E\u0301te\u0301 2025-SolutionsM-375\" \/><\/figure><\/div><div class=\"swiper-slide\" role=\"group\" aria-roledescription=\"slide\" aria-label=\"7 sur 9\"><figure class=\"swiper-slide-inner\"><img decoding=\"async\" class=\"swiper-slide-image\" src=\"https:\/\/alibilounge.ca\/wp-content\/uploads\/elementor\/thumbs\/DSC00477-r65aabtewa8rg64v7oqs8b5l0qm1zlqg4ocae32u6w.jpg\" alt=\"DSC00477\" \/><\/figure><\/div><div class=\"swiper-slide\" role=\"group\" aria-roledescription=\"slide\" aria-label=\"8 sur 9\"><figure class=\"swiper-slide-inner\"><img decoding=\"async\" class=\"swiper-slide-image\" src=\"https:\/\/alibilounge.ca\/wp-content\/uploads\/elementor\/thumbs\/DSC06939-scaled-r65aaemxgscmf00rr7ynxsfysw85mp1n52aqtwyno8.jpg\" alt=\"DSC06939\" \/><\/figure><\/div><div class=\"swiper-slide\" role=\"group\" aria-roledescription=\"slide\" aria-label=\"9 sur 9\"><figure class=\"swiper-slide-inner\"><img decoding=\"async\" class=\"swiper-slide-image\" src=\"https:\/\/alibilounge.ca\/wp-content\/uploads\/elementor\/thumbs\/Alibi-Lounge-Ete-2025-SolutionsM-240-r65aa0jcm9tbkul91jv9ee01w45nf8ho34igmrjk9k.jpg\" alt=\"Alibi Lounge-E\u0301te\u0301 2025-SolutionsM-240\" \/><\/figure><\/div>\t\t\t<\/div>\n\t\t\t\t\t\t\t\n\t\t\t\t\t\t\t\t\t<div class=\"swiper-pagination\"><\/div>\n\t\t\t\t\t\t\t\t\t<\/div>\n\t\t\t\t\t\t<\/div>\n\t\t\t\t<\/div>\n\t\t\t\t\t<\/div>\n\t\t\t\t<\/div>\n\t\t\t\t<\/div>\n\t\t","protected":false},"excerpt":{"rendered":"<p>Menus Cocktails Signature Bi\u00e8res Vins Spiritueux Mocktails Bouch\u00e9es Nos Bouch\u00e9es Pour sublimer nos cocktails d\u2019exception, nous vous offrons un menu de bouch\u00e9es raffin\u00e9es, soigneusement con\u00e7ues pour enrichir votre exp\u00e9rience gustative. Une petite faim ? Menu complet Nos Breuvages Chez Alibi, chaque cocktail est une \u0153uvre d\u2019art soigneusement con\u00e7ue pour \u00e9veiller vos sens. Des cr\u00e9ations signature [&hellip;]<\/p>\n","protected":false},"author":1,"featured_media":0,"parent":0,"menu_order":0,"comment_status":"closed","ping_status":"closed","template":"elementor_header_footer","meta":{"footnotes":""},"class_list":["post-40","page","type-page","status-publish","hentry"],"_links":{"self":[{"href":"https:\/\/alibilounge.ca\/fr\/wp-json\/wp\/v2\/pages\/40","targetHints":{"allow":["GET"]}}],"collection":[{"href":"https:\/\/alibilounge.ca\/fr\/wp-json\/wp\/v2\/pages"}],"about":[{"href":"https:\/\/alibilounge.ca\/fr\/wp-json\/wp\/v2\/types\/page"}],"author":[{"embeddable":true,"href":"https:\/\/alibilounge.ca\/fr\/wp-json\/wp\/v2\/users\/1"}],"replies":[{"embeddable":true,"href":"https:\/\/alibilounge.ca\/fr\/wp-json\/wp\/v2\/comments?post=40"}],"version-history":[{"count":79,"href":"https:\/\/alibilounge.ca\/fr\/wp-json\/wp\/v2\/pages\/40\/revisions"}],"predecessor-version":[{"id":2006,"href":"https:\/\/alibilounge.ca\/fr\/wp-json\/wp\/v2\/pages\/40\/revisions\/2006"}],"wp:attachment":[{"href":"https:\/\/alibilounge.ca\/fr\/wp-json\/wp\/v2\/media?parent=40"}],"curies":[{"name":"wp","href":"https:\/\/api.w.org\/{rel}","templated":true}]}}