{"id":1410,"date":"2025-05-20T09:10:25","date_gmt":"2025-05-20T13:10:25","guid":{"rendered":"https:\/\/alibilounge.sltm.ca\/?page_id=1410"},"modified":"2025-05-20T09:15:55","modified_gmt":"2025-05-20T13:15:55","slug":"politiques-de-confidentialite","status":"publish","type":"page","link":"https:\/\/alibilounge.ca\/fr\/politiques-de-confidentialite\/","title":{"rendered":"Politiques de confidentialit\u00e9"},"content":{"rendered":"\t\t<div data-elementor-type=\"wp-page\" data-elementor-id=\"1410\" class=\"elementor elementor-1410\" data-elementor-post-type=\"page\">\n\t\t\t\t<div class=\"elementor-element elementor-element-bc44d85 e-flex e-con-boxed e-con e-parent\" data-id=\"bc44d85\" data-element_type=\"container\" data-e-type=\"container\">\n\t\t\t\t\t<div class=\"e-con-inner\">\n\t\t\t\t<div class=\"elementor-element elementor-element-6c24686 elementor-widget elementor-widget-heading\" data-id=\"6c24686\" data-element_type=\"widget\" data-e-type=\"widget\" data-widget_type=\"heading.default\">\n\t\t\t\t<div class=\"elementor-widget-container\">\n\t\t\t\t\t<h2 class=\"elementor-heading-title elementor-size-default\">Politiques de confidentialit\u00e9<\/h2>\t\t\t\t<\/div>\n\t\t\t\t<\/div>\n\t\t\t\t<div class=\"elementor-element elementor-element-6261624 elementor-widget elementor-widget-text-editor\" data-id=\"6261624\" data-element_type=\"widget\" data-e-type=\"widget\" data-widget_type=\"text-editor.default\">\n\t\t\t\t<div class=\"elementor-widget-container\">\n\t\t\t\t\t\t\t\t\t<p><span style=\"font-weight: 400;\">Derni\u00e8re mise \u00e0 jour : <\/span><span style=\"font-weight: 400;\">2025-05-20<\/span><\/p><p>\u00a0<\/p><ol><li><b>Introduction<\/b><\/li><\/ol><p><span style=\"font-weight: 400;\">La pr\u00e9sente Politique de Confidentialit\u00e9 d\u00e9crit la mani\u00e8re dont <\/span><span style=\"font-weight: 400;\">Alibi Loundge<\/span><span style=\"font-weight: 400;\">, une soci\u00e9t\u00e9 enregistr\u00e9e au 422 rue Main, Hudson, QC, J0P 1H0<\/span><span style=\"font-weight: 400;\">\u00a0(\u00ab\u00a0Nous\u00a0\u00bb, \u00ab\u00a0Notre\u00a0\u00bb ou \u00ab\u00a0Nos\u00a0\u00bb), recueille, utilise, traite, partage et prot\u00e8ge les informations personnelles des utilisateurs (\u00ab\u00a0Utilisateurs\u00a0\u00bb ou \u00ab\u00a0Vous\u00a0\u00bb) lors de l&rsquo;utilisation de notre site web accessible \u00e0 l&rsquo;adresse <\/span><span style=\"font-weight: 400;\">alibiloundge.ca<\/span><span style=\"font-weight: 400;\"> (\u00ab\u00a0Site\u00a0\u00bb). Cette politique est con\u00e7ue conform\u00e9ment \u00e0 la Loi 25 sur la protection des renseignements personnels au Canada, ci-apr\u00e8s d\u00e9nomm\u00e9e \u00ab\u00a0la Loi\u00a0\u00bb.<\/span><\/p><p>\u00a0<\/p><ol start=\"2\"><li><b> Collecte de renseignements personnels<\/b><\/li><\/ol><p><span style=\"font-weight: 400;\">Nous recueillons des renseignements personnels de diverses mani\u00e8res, notamment lorsque Vous visitez notre Site, Vous vous inscrivez sur le Site, remplissez un formulaire, effectuez une commande, r\u00e9pondez \u00e0 une enqu\u00eate, communiquez avec Nous ou interagissez avec Nos services. Les renseignements personnels recueillis peuvent inclure, mais ne sont pas limit\u00e9s \u00e0, Votre nom, adresse, adresse \u00e9lectronique, num\u00e9ro de t\u00e9l\u00e9phone, informations de paiement et pr\u00e9f\u00e9rences personnelles.<\/span><\/p><p>\u00a0<\/p><ol start=\"3\"><li><b> Utilisation des renseignements personnels<\/b><\/li><\/ol><p><span style=\"font-weight: 400;\">Les renseignements personnels recueillis peuvent \u00eatre utilis\u00e9s aux fins suivantes :<\/span><\/p><ul><li style=\"font-weight: 400;\" aria-level=\"1\"><span style=\"font-weight: 400;\">Fournir, exploiter et maintenir Nos services, y compris le traitement des commandes et la gestion de Votre compte.<\/span><\/li><li style=\"font-weight: 400;\" aria-level=\"1\"><span style=\"font-weight: 400;\">Personnaliser Votre exp\u00e9rience sur le Site et Vous fournir un contenu pertinent.<\/span><\/li><li style=\"font-weight: 400;\" aria-level=\"1\"><span style=\"font-weight: 400;\">Communiquer avec Vous, notamment pour r\u00e9pondre \u00e0 Vos demandes et Vous fournir des informations sur Nos produits, services et promotions.<\/span><\/li><li style=\"font-weight: 400;\" aria-level=\"1\"><span style=\"font-weight: 400;\">Am\u00e9liorer Nos produits, services et fonctionnalit\u00e9s du Site en fonction de Vos commentaires et suggestions.<\/span><\/li><li style=\"font-weight: 400;\" aria-level=\"1\"><span style=\"font-weight: 400;\">Administrer des enqu\u00eates, concours, promotions ou autres activit\u00e9s similaires.<\/span><\/li><\/ul><p>\u00a0<\/p><ol start=\"4\"><li><b> Partage des renseignements personnels<\/b><\/li><\/ol><p><span style=\"font-weight: 400;\">Nous ne vendons pas, ne louons pas et ne commercialisons pas Vos renseignements personnels \u00e0 des tiers. Cependant, Nous pouvons partager Vos renseignements avec des prestataires de services tiers et des partenaires commerciaux agissant en Notre nom et conform\u00e9ment \u00e0 Nos instructions, tels que des services d&rsquo;h\u00e9bergement, de traitement de paiement et de communication.<\/span><\/p><p>\u00a0<\/p><ol start=\"5\"><li><b> Protection des renseignements personnels<\/b><\/li><\/ol><p><span style=\"font-weight: 400;\">Nous prenons des mesures techniques, administratives et physiques appropri\u00e9es pour prot\u00e9ger Vos renseignements personnels contre tout acc\u00e8s non autoris\u00e9, toute divulgation, toute alt\u00e9ration ou toute destruction. Cela inclut la s\u00e9curisation des donn\u00e9es pendant la collecte, la transmission et le stockage.<\/span><\/p><p>\u00a0<\/p><ol start=\"6\"><li><b> Cookies et technologies similaires<\/b><\/li><\/ol><p><span style=\"font-weight: 400;\">Nous pouvons utiliser des cookies, des balises web et d&rsquo;autres technologies similaires pour collecter des informations sur Votre utilisation du Site. Ces technologies nous aident \u00e0 am\u00e9liorer la fonctionnalit\u00e9 du Site, \u00e0 personnaliser Votre exp\u00e9rience et \u00e0 analyser la mani\u00e8re dont Vous interagissez avec Nous.<\/span><\/p><p>\u00a0<\/p><ol start=\"7\"><li><b> Vos choix<\/b><\/li><\/ol><p><span style=\"font-weight: 400;\">Vous avez le droit de choisir la mani\u00e8re dont Vos renseignements personnels sont collect\u00e9s, utilis\u00e9s et partag\u00e9s. Vous pouvez g\u00e9rer Vos pr\u00e9f\u00e9rences en mati\u00e8re de communication en Vous d\u00e9sinscrivant des communications promotionnelles ou en modifiant Vos param\u00e8tres de compte.<\/span><\/p><p>\u00a0<\/p><ol start=\"8\"><li><b> Modifications de la politique de confidentialit\u00e9<\/b><\/li><\/ol><p><span style=\"font-weight: 400;\">Nous nous r\u00e9servons le droit de modifier cette Politique de Confidentialit\u00e9 \u00e0 tout moment. Les modifications seront publi\u00e9es sur le Site et la date de la derni\u00e8re mise \u00e0 jour sera indiqu\u00e9e en haut de la Politique.<\/span><\/p><p>\u00a0<\/p><ol start=\"9\"><li><b> Contactez-nous<\/b><\/li><\/ol><p><span style=\"font-weight: 400;\">Pour toute question concernant cette Politique de Confidentialit\u00e9, veuillez-Nous contacter \u00e0 l&rsquo;adresse suivante : reservation@alibi-lounge.com<\/span><\/p>\t\t\t\t\t\t\t\t<\/div>\n\t\t\t\t<\/div>\n\t\t\t\t\t<\/div>\n\t\t\t\t<\/div>\n\t\t\t\t<\/div>\n\t\t","protected":false},"excerpt":{"rendered":"<p>Politiques de confidentialit\u00e9 Derni\u00e8re mise \u00e0 jour : 2025-05-20 \u00a0 Introduction La pr\u00e9sente Politique de Confidentialit\u00e9 d\u00e9crit la mani\u00e8re dont Alibi Loundge, une soci\u00e9t\u00e9 enregistr\u00e9e au 422 rue Main, Hudson, QC, J0P 1H0\u00a0(\u00ab\u00a0Nous\u00a0\u00bb, \u00ab\u00a0Notre\u00a0\u00bb ou \u00ab\u00a0Nos\u00a0\u00bb), recueille, utilise, traite, partage et prot\u00e8ge les informations personnelles des utilisateurs (\u00ab\u00a0Utilisateurs\u00a0\u00bb ou \u00ab\u00a0Vous\u00a0\u00bb) lors de l&rsquo;utilisation de notre [&hellip;]<\/p>\n","protected":false},"author":1,"featured_media":0,"parent":0,"menu_order":0,"comment_status":"closed","ping_status":"closed","template":"elementor_header_footer","meta":{"footnotes":""},"class_list":["post-1410","page","type-page","status-publish","hentry"],"_links":{"self":[{"href":"https:\/\/alibilounge.ca\/fr\/wp-json\/wp\/v2\/pages\/1410","targetHints":{"allow":["GET"]}}],"collection":[{"href":"https:\/\/alibilounge.ca\/fr\/wp-json\/wp\/v2\/pages"}],"about":[{"href":"https:\/\/alibilounge.ca\/fr\/wp-json\/wp\/v2\/types\/page"}],"author":[{"embeddable":true,"href":"https:\/\/alibilounge.ca\/fr\/wp-json\/wp\/v2\/users\/1"}],"replies":[{"embeddable":true,"href":"https:\/\/alibilounge.ca\/fr\/wp-json\/wp\/v2\/comments?post=1410"}],"version-history":[{"count":7,"href":"https:\/\/alibilounge.ca\/fr\/wp-json\/wp\/v2\/pages\/1410\/revisions"}],"predecessor-version":[{"id":1417,"href":"https:\/\/alibilounge.ca\/fr\/wp-json\/wp\/v2\/pages\/1410\/revisions\/1417"}],"wp:attachment":[{"href":"https:\/\/alibilounge.ca\/fr\/wp-json\/wp\/v2\/media?parent=1410"}],"curies":[{"name":"wp","href":"https:\/\/api.w.org\/{rel}","templated":true}]}}